{"id":12001,"date":"2021-11-05T04:27:20","date_gmt":"2021-11-05T04:27:20","guid":{"rendered":"https:\/\/partnersales.cl\/philips\/?post_type=product&#038;p=12001"},"modified":"2021-11-05T04:27:27","modified_gmt":"2021-11-05T04:27:27","slug":"afeitadora-electrica-wet-dry","status":"publish","type":"product","link":"https:\/\/partnersales.cl\/philips\/?product=afeitadora-electrica-wet-dry","title":{"rendered":"Afeitadora el\u00e9ctrica Wet &#038; Dry."},"content":{"rendered":"<p>Con hasta 90,000 acciones de corte por minuto, las cuchillas SteelPrecision ofrecen una afeitada al ras y cortan m\u00e1s vello en cada pasada**. Las 45 cuchillas de alto rendimiento son autoafilables y est\u00e1n hechas en Europa. El sensor inteligente de vello facial puede analizar la densidad del vello 125 veces por segundo. Esta tecnolog\u00eda adapta autom\u00e1ticamente la potencia de corte para brindar una afeitada sencilla y suave con tu piel. Estos cabezales totalmente flexibles pueden girar en 360 \u00b0 para adaptarse al contorno de tu rostro. Experimenta un contacto \u00f3ptimo con la piel para disfrutar de una afeitada c\u00f3moda y minuciosa.<\/p>\n","protected":false},"excerpt":{"rendered":"<p>La serie\u00a05000 de Philips ofrece una afeitada potente que ahora corta a\u00fan m\u00e1s vello por pasada*. Equipada con tecnolog\u00eda SkinIQ avanzada, la afeitadora detecta la densidad del vello y se adapta a esta a fin de mejorar la comodidad para la piel.<\/p>\n","protected":false},"featured_media":11875,"comment_status":"closed","ping_status":"closed","template":"","meta":[],"product_cat":[68],"product_tag":[],"class_list":{"0":"post-12001","1":"product","2":"type-product","3":"status-publish","4":"has-post-thumbnail","6":"product_cat-grooming","8":"first","9":"instock","10":"sale","11":"sold-individually","12":"shipping-taxable","13":"purchasable","14":"product-type-simple"},"_links":{"self":[{"href":"https:\/\/partnersales.cl\/philips\/index.php?rest_route=\/wp\/v2\/product\/12001","targetHints":{"allow":["GET"]}}],"collection":[{"href":"https:\/\/partnersales.cl\/philips\/index.php?rest_route=\/wp\/v2\/product"}],"about":[{"href":"https:\/\/partnersales.cl\/philips\/index.php?rest_route=\/wp\/v2\/types\/product"}],"replies":[{"embeddable":true,"href":"https:\/\/partnersales.cl\/philips\/index.php?rest_route=%2Fwp%2Fv2%2Fcomments&post=12001"}],"version-history":[{"count":1,"href":"https:\/\/partnersales.cl\/philips\/index.php?rest_route=\/wp\/v2\/product\/12001\/revisions"}],"predecessor-version":[{"id":12018,"href":"https:\/\/partnersales.cl\/philips\/index.php?rest_route=\/wp\/v2\/product\/12001\/revisions\/12018"}],"wp:featuredmedia":[{"embeddable":true,"href":"https:\/\/partnersales.cl\/philips\/index.php?rest_route=\/wp\/v2\/media\/11875"}],"wp:attachment":[{"href":"https:\/\/partnersales.cl\/philips\/index.php?rest_route=%2Fwp%2Fv2%2Fmedia&parent=12001"}],"wp:term":[{"taxonomy":"product_cat","embeddable":true,"href":"https:\/\/partnersales.cl\/philips\/index.php?rest_route=%2Fwp%2Fv2%2Fproduct_cat&post=12001"},{"taxonomy":"product_tag","embeddable":true,"href":"https:\/\/partnersales.cl\/philips\/index.php?rest_route=%2Fwp%2Fv2%2Fproduct_tag&post=12001"}],"curies":[{"name":"wp","href":"https:\/\/api.w.org\/{rel}","templated":true}]}}