{"id":12000,"date":"2021-11-05T04:27:20","date_gmt":"2021-11-05T04:27:20","guid":{"rendered":"https:\/\/partnersales.cl\/philips\/?post_type=product&#038;p=12000"},"modified":"2021-11-05T04:27:27","modified_gmt":"2021-11-05T04:27:27","slug":"afeitadora-electrica-en-seco-y-humedo-series-3000","status":"publish","type":"product","link":"https:\/\/partnersales.cl\/philips\/?product=afeitadora-electrica-en-seco-y-humedo-series-3000","title":{"rendered":"Afeitadora el\u00e9ctrica en seco y humedo Series 3000."},"content":{"rendered":"<p>Consigue un afeitado al ras con la afeitadora Philips. Cuenta con un eje de 5\u00a0direcciones que se adapta a todos los \u00e1ngulos y curvas del rostro y el cuello. Esta afeitadora para barba corta cada vello justo por encima del nivel de la piel, lo que te proporciona un acabado suave y uniforme. Disfruta de un afeitado limpio y c\u00f3modo con esta afeitadora Philips. Las 27 cuchillas ComfortCut de esta afeitadora el\u00e9ctrica cortan cada vello justo por encima del nivel de la piel para darte un acabado suave y uniforme. Perfecciona y define tu bigote y patillas con el cortapatillas desplegable y completa tu estilo con facilidad.<\/p>\n","protected":false},"excerpt":{"rendered":"<p>La afeitadora Philips AquaTouch 3000 ofrece un afeitado pr\u00e1ctico y c\u00f3modo con la piel seca o h\u00fameda.<\/p>\n","protected":false},"featured_media":11873,"comment_status":"closed","ping_status":"closed","template":"","meta":[],"product_cat":[68],"product_tag":[],"class_list":{"0":"post-12000","1":"product","2":"type-product","3":"status-publish","4":"has-post-thumbnail","6":"product_cat-grooming","8":"first","9":"instock","10":"sale","11":"sold-individually","12":"shipping-taxable","13":"purchasable","14":"product-type-simple"},"_links":{"self":[{"href":"https:\/\/partnersales.cl\/philips\/index.php?rest_route=\/wp\/v2\/product\/12000","targetHints":{"allow":["GET"]}}],"collection":[{"href":"https:\/\/partnersales.cl\/philips\/index.php?rest_route=\/wp\/v2\/product"}],"about":[{"href":"https:\/\/partnersales.cl\/philips\/index.php?rest_route=\/wp\/v2\/types\/product"}],"replies":[{"embeddable":true,"href":"https:\/\/partnersales.cl\/philips\/index.php?rest_route=%2Fwp%2Fv2%2Fcomments&post=12000"}],"version-history":[{"count":1,"href":"https:\/\/partnersales.cl\/philips\/index.php?rest_route=\/wp\/v2\/product\/12000\/revisions"}],"predecessor-version":[{"id":12017,"href":"https:\/\/partnersales.cl\/philips\/index.php?rest_route=\/wp\/v2\/product\/12000\/revisions\/12017"}],"wp:featuredmedia":[{"embeddable":true,"href":"https:\/\/partnersales.cl\/philips\/index.php?rest_route=\/wp\/v2\/media\/11873"}],"wp:attachment":[{"href":"https:\/\/partnersales.cl\/philips\/index.php?rest_route=%2Fwp%2Fv2%2Fmedia&parent=12000"}],"wp:term":[{"taxonomy":"product_cat","embeddable":true,"href":"https:\/\/partnersales.cl\/philips\/index.php?rest_route=%2Fwp%2Fv2%2Fproduct_cat&post=12000"},{"taxonomy":"product_tag","embeddable":true,"href":"https:\/\/partnersales.cl\/philips\/index.php?rest_route=%2Fwp%2Fv2%2Fproduct_tag&post=12000"}],"curies":[{"name":"wp","href":"https:\/\/api.w.org\/{rel}","templated":true}]}}