{"id":11997,"date":"2021-11-05T04:27:20","date_gmt":"2021-11-05T04:27:20","guid":{"rendered":"https:\/\/partnersales.cl\/philips\/?post_type=product&#038;p=11997"},"modified":"2021-11-05T04:27:25","modified_gmt":"2021-11-05T04:27:25","slug":"afeitadora-electrica-en-seco-o-en-humedo","status":"publish","type":"product","link":"https:\/\/partnersales.cl\/philips\/?product=afeitadora-electrica-en-seco-o-en-humedo","title":{"rendered":"Afeitadora el\u00e9ctrica en seco o en h\u00famedo."},"content":{"rendered":"<p>Disfruta de un afeitado limpio y c\u00f3modo con esta afeitadora Philips. Las 27\u00a0cuchillas ComfortCut de esta afeitadora el\u00e9ctrica cortan cada vello justo por encima del nivel de la piel para darte un acabado suave y uniforme. Consigue una afeitada c\u00f3moda y limpia con los cabezales flotantes de 3 direcciones, los cuales se mueven para ajustarse a las curvas de tu rostro, creando un suave contacto con tu piel sin mucha presi\u00f3n. Consigue una c\u00f3moda afeitada en seco o una afeitada en h\u00famedo m\u00e1s c\u00f3moda con gel o espuma, incluso en la ducha.<\/p>\n","protected":false},"excerpt":{"rendered":"<p>La afeitadora Philips\u00a0AquaTouch\u00a01000 te ofrece una afeitada en seco o en h\u00famedo suave y refrescante a un precio conveniente gracias a las cuchillas ComfortCut autoafilables.<\/p>\n","protected":false},"featured_media":11862,"comment_status":"closed","ping_status":"closed","template":"","meta":[],"product_cat":[68],"product_tag":[],"class_list":{"0":"post-11997","1":"product","2":"type-product","3":"status-publish","4":"has-post-thumbnail","6":"product_cat-grooming","8":"first","9":"instock","10":"sale","11":"sold-individually","12":"shipping-taxable","13":"purchasable","14":"product-type-simple"},"_links":{"self":[{"href":"https:\/\/partnersales.cl\/philips\/index.php?rest_route=\/wp\/v2\/product\/11997","targetHints":{"allow":["GET"]}}],"collection":[{"href":"https:\/\/partnersales.cl\/philips\/index.php?rest_route=\/wp\/v2\/product"}],"about":[{"href":"https:\/\/partnersales.cl\/philips\/index.php?rest_route=\/wp\/v2\/types\/product"}],"replies":[{"embeddable":true,"href":"https:\/\/partnersales.cl\/philips\/index.php?rest_route=%2Fwp%2Fv2%2Fcomments&post=11997"}],"version-history":[{"count":1,"href":"https:\/\/partnersales.cl\/philips\/index.php?rest_route=\/wp\/v2\/product\/11997\/revisions"}],"predecessor-version":[{"id":12014,"href":"https:\/\/partnersales.cl\/philips\/index.php?rest_route=\/wp\/v2\/product\/11997\/revisions\/12014"}],"wp:featuredmedia":[{"embeddable":true,"href":"https:\/\/partnersales.cl\/philips\/index.php?rest_route=\/wp\/v2\/media\/11862"}],"wp:attachment":[{"href":"https:\/\/partnersales.cl\/philips\/index.php?rest_route=%2Fwp%2Fv2%2Fmedia&parent=11997"}],"wp:term":[{"taxonomy":"product_cat","embeddable":true,"href":"https:\/\/partnersales.cl\/philips\/index.php?rest_route=%2Fwp%2Fv2%2Fproduct_cat&post=11997"},{"taxonomy":"product_tag","embeddable":true,"href":"https:\/\/partnersales.cl\/philips\/index.php?rest_route=%2Fwp%2Fv2%2Fproduct_tag&post=11997"}],"curies":[{"name":"wp","href":"https:\/\/api.w.org\/{rel}","templated":true}]}}