{"id":11996,"date":"2021-11-05T04:27:19","date_gmt":"2021-11-05T04:27:19","guid":{"rendered":"https:\/\/partnersales.cl\/philips\/?post_type=product&#038;p=11996"},"modified":"2021-11-05T04:27:25","modified_gmt":"2021-11-05T04:27:25","slug":"oneblade","status":"publish","type":"product","link":"https:\/\/partnersales.cl\/philips\/?product=oneblade","title":{"rendered":"OneBlade."},"content":{"rendered":"<p>Philips OneBlade tiene una tecnolog\u00eda revolucionaria dise\u00f1ada para modelar y perfilar el vello facial y corporal. Podr\u00e1s recortar, perfilar y afeitar vello de cualquier longitud. Su sistema de protecci\u00f3n doble, un revestimiento deslizante con puntas redondeadas, facilita el afeitado y hace que sea m\u00e1s c\u00f3modo. Su tecnolog\u00eda de afeitado tiene un cortador de movimiento r\u00e1pido (200\u00a0veces por segundo), por lo que es eficiente incluso en vellos m\u00e1s largos. Recorta tu barba con una alta precisi\u00f3n usando uno de los 2 peines recortadores para barba incluidos. 1 mm para una barba incipiente y 2 mm para una barba media. Obt\u00e9n resultados perfectos en segundos con la cuchilla de doble filo, que te permite ver todos los vellos que est\u00e1s cortando.<\/p>\n","protected":false},"excerpt":{"rendered":"<p>Philips OneBlade es un nuevo modelador h\u00edbrido revolucionario que permite recortar y afeitar, adem\u00e1s de crear l\u00edneas y bordes precisos, sin importar la longitud del vello. Olv\u00eddate de tener que usar m\u00faltiples herramientas y de seguir varios pasos. OneBlade lo hace todo.<\/p>\n","protected":false},"featured_media":11858,"comment_status":"closed","ping_status":"closed","template":"","meta":[],"product_cat":[68],"product_tag":[],"class_list":{"0":"post-11996","1":"product","2":"type-product","3":"status-publish","4":"has-post-thumbnail","6":"product_cat-grooming","8":"first","9":"instock","10":"sale","11":"sold-individually","12":"shipping-taxable","13":"purchasable","14":"product-type-simple"},"_links":{"self":[{"href":"https:\/\/partnersales.cl\/philips\/index.php?rest_route=\/wp\/v2\/product\/11996","targetHints":{"allow":["GET"]}}],"collection":[{"href":"https:\/\/partnersales.cl\/philips\/index.php?rest_route=\/wp\/v2\/product"}],"about":[{"href":"https:\/\/partnersales.cl\/philips\/index.php?rest_route=\/wp\/v2\/types\/product"}],"replies":[{"embeddable":true,"href":"https:\/\/partnersales.cl\/philips\/index.php?rest_route=%2Fwp%2Fv2%2Fcomments&post=11996"}],"version-history":[{"count":1,"href":"https:\/\/partnersales.cl\/philips\/index.php?rest_route=\/wp\/v2\/product\/11996\/revisions"}],"predecessor-version":[{"id":12013,"href":"https:\/\/partnersales.cl\/philips\/index.php?rest_route=\/wp\/v2\/product\/11996\/revisions\/12013"}],"wp:featuredmedia":[{"embeddable":true,"href":"https:\/\/partnersales.cl\/philips\/index.php?rest_route=\/wp\/v2\/media\/11858"}],"wp:attachment":[{"href":"https:\/\/partnersales.cl\/philips\/index.php?rest_route=%2Fwp%2Fv2%2Fmedia&parent=11996"}],"wp:term":[{"taxonomy":"product_cat","embeddable":true,"href":"https:\/\/partnersales.cl\/philips\/index.php?rest_route=%2Fwp%2Fv2%2Fproduct_cat&post=11996"},{"taxonomy":"product_tag","embeddable":true,"href":"https:\/\/partnersales.cl\/philips\/index.php?rest_route=%2Fwp%2Fv2%2Fproduct_tag&post=11996"}],"curies":[{"name":"wp","href":"https:\/\/api.w.org\/{rel}","templated":true}]}}