{"id":11995,"date":"2021-11-05T04:27:19","date_gmt":"2021-11-05T04:27:19","guid":{"rendered":"https:\/\/partnersales.cl\/philips\/?post_type=product&#038;p=11995"},"modified":"2021-11-05T04:27:25","modified_gmt":"2021-11-05T04:27:25","slug":"multigroom-series-7000","status":"publish","type":"product","link":"https:\/\/partnersales.cl\/philips\/?product=multigroom-series-7000","title":{"rendered":"Multigroom series 7000."},"content":{"rendered":"<p>La m\u00e1quina para cortar cabello todo en uno cuenta con la tecnolog\u00eda DualCut para lograr una m\u00e1xima precisi\u00f3n. Incluye el doble de cuchillas, dise\u00f1adas para autoafilarse y seguir siendo tan eficaces como el primer d\u00eda y hasta por 5\u00a0a\u00f1os. Este recortador todo en uno corta y perfila f\u00e1cilmente tu vello facial y corporal, adem\u00e1s de tu cabello. Utiliza el recortador met\u00e1lico equipado con la tecnolog\u00eda DualCut sin peine recortador para conseguir l\u00edneas limpias y definidas alrededor de tu barba, cuello y nacimiento del cabello, o bien para recortar los vellos corporales a un largo m\u00ednimo.<\/p>\n","protected":false},"excerpt":{"rendered":"<p>Perfecciona tu estilo personal con nuestro recortador m\u00e1s preciso y vers\u00e1til. Los 12 accesorios de primer nivel te permiten crear tu estilo \u00fanico, de la cabeza a los pies. Disfruta la m\u00e1xima precisi\u00f3n con las cuchillas DualCut y el control adicional de un mango de goma antideslizante.<\/p>\n","protected":false},"featured_media":11854,"comment_status":"closed","ping_status":"closed","template":"","meta":[],"product_cat":[68],"product_tag":[],"class_list":{"0":"post-11995","1":"product","2":"type-product","3":"status-publish","4":"has-post-thumbnail","6":"product_cat-grooming","8":"first","9":"instock","10":"sale","11":"sold-individually","12":"shipping-taxable","13":"purchasable","14":"product-type-simple"},"_links":{"self":[{"href":"https:\/\/partnersales.cl\/philips\/index.php?rest_route=\/wp\/v2\/product\/11995","targetHints":{"allow":["GET"]}}],"collection":[{"href":"https:\/\/partnersales.cl\/philips\/index.php?rest_route=\/wp\/v2\/product"}],"about":[{"href":"https:\/\/partnersales.cl\/philips\/index.php?rest_route=\/wp\/v2\/types\/product"}],"replies":[{"embeddable":true,"href":"https:\/\/partnersales.cl\/philips\/index.php?rest_route=%2Fwp%2Fv2%2Fcomments&post=11995"}],"version-history":[{"count":1,"href":"https:\/\/partnersales.cl\/philips\/index.php?rest_route=\/wp\/v2\/product\/11995\/revisions"}],"predecessor-version":[{"id":12012,"href":"https:\/\/partnersales.cl\/philips\/index.php?rest_route=\/wp\/v2\/product\/11995\/revisions\/12012"}],"wp:featuredmedia":[{"embeddable":true,"href":"https:\/\/partnersales.cl\/philips\/index.php?rest_route=\/wp\/v2\/media\/11854"}],"wp:attachment":[{"href":"https:\/\/partnersales.cl\/philips\/index.php?rest_route=%2Fwp%2Fv2%2Fmedia&parent=11995"}],"wp:term":[{"taxonomy":"product_cat","embeddable":true,"href":"https:\/\/partnersales.cl\/philips\/index.php?rest_route=%2Fwp%2Fv2%2Fproduct_cat&post=11995"},{"taxonomy":"product_tag","embeddable":true,"href":"https:\/\/partnersales.cl\/philips\/index.php?rest_route=%2Fwp%2Fv2%2Fproduct_tag&post=11995"}],"curies":[{"name":"wp","href":"https:\/\/api.w.org\/{rel}","templated":true}]}}