{"id":11992,"date":"2021-11-05T04:27:19","date_gmt":"2021-11-05T04:27:19","guid":{"rendered":"https:\/\/partnersales.cl\/philips\/?post_type=product&#038;p=11992"},"modified":"2021-11-05T04:27:24","modified_gmt":"2021-11-05T04:27:24","slug":"multigroom-series-3000","status":"publish","type":"product","link":"https:\/\/partnersales.cl\/philips\/?product=multigroom-series-3000","title":{"rendered":"Multigroom series 3000."},"content":{"rendered":"<p>Obt\u00e9n siempre un recorte perfecto. Las cuchillas de acero se frotan suavemente entre s\u00ed, lo que permite que se afilen a medida que cortan. De esta manera, tendr\u00e1s unas cuchillas que se mantendr\u00e1n afiladas igual que el primer d\u00eda tras tres a\u00f1os de uso. Este recortador todo en uno corta y perfila f\u00e1cilmente tu vello facial. Utiliza el recortador sin peine para conseguir l\u00edneas limpias y definidas en los bordes de tu barba y cuello. Las cuchillas autoafilables del recortador se mantendr\u00e1n afiladas igual que el primer d\u00eda incluso despu\u00e9s de tres a\u00f1os de uso.<\/p>\n","protected":false},"excerpt":{"rendered":"<p>Prueba un nuevo aspecto, cualquier d\u00eda de la semana, con este recortador todo en uno duradero. Los 6\u00a0accesorios de calidad te permiten crear f\u00e1cilmente el estilo facial exacto que deseas.<\/p>\n","protected":false},"featured_media":11842,"comment_status":"closed","ping_status":"closed","template":"","meta":[],"product_cat":[68],"product_tag":[],"class_list":{"0":"post-11992","1":"product","2":"type-product","3":"status-publish","4":"has-post-thumbnail","6":"product_cat-grooming","8":"first","9":"instock","10":"sale","11":"sold-individually","12":"shipping-taxable","13":"purchasable","14":"product-type-simple"},"_links":{"self":[{"href":"https:\/\/partnersales.cl\/philips\/index.php?rest_route=\/wp\/v2\/product\/11992","targetHints":{"allow":["GET"]}}],"collection":[{"href":"https:\/\/partnersales.cl\/philips\/index.php?rest_route=\/wp\/v2\/product"}],"about":[{"href":"https:\/\/partnersales.cl\/philips\/index.php?rest_route=\/wp\/v2\/types\/product"}],"replies":[{"embeddable":true,"href":"https:\/\/partnersales.cl\/philips\/index.php?rest_route=%2Fwp%2Fv2%2Fcomments&post=11992"}],"version-history":[{"count":1,"href":"https:\/\/partnersales.cl\/philips\/index.php?rest_route=\/wp\/v2\/product\/11992\/revisions"}],"predecessor-version":[{"id":12009,"href":"https:\/\/partnersales.cl\/philips\/index.php?rest_route=\/wp\/v2\/product\/11992\/revisions\/12009"}],"wp:featuredmedia":[{"embeddable":true,"href":"https:\/\/partnersales.cl\/philips\/index.php?rest_route=\/wp\/v2\/media\/11842"}],"wp:attachment":[{"href":"https:\/\/partnersales.cl\/philips\/index.php?rest_route=%2Fwp%2Fv2%2Fmedia&parent=11992"}],"wp:term":[{"taxonomy":"product_cat","embeddable":true,"href":"https:\/\/partnersales.cl\/philips\/index.php?rest_route=%2Fwp%2Fv2%2Fproduct_cat&post=11992"},{"taxonomy":"product_tag","embeddable":true,"href":"https:\/\/partnersales.cl\/philips\/index.php?rest_route=%2Fwp%2Fv2%2Fproduct_tag&post=11992"}],"curies":[{"name":"wp","href":"https:\/\/api.w.org\/{rel}","templated":true}]}}