{"id":11991,"date":"2021-11-05T04:27:19","date_gmt":"2021-11-05T04:27:19","guid":{"rendered":"https:\/\/partnersales.cl\/philips\/?post_type=product&#038;p=11991"},"modified":"2021-11-05T04:27:23","modified_gmt":"2021-11-05T04:27:23","slug":"cabezales-para-cepillos-sonicos-estandar","status":"publish","type":"product","link":"https:\/\/partnersales.cl\/philips\/?product=cabezales-para-cepillos-sonicos-estandar","title":{"rendered":"Cabezales para cepillos s\u00f3nicos est\u00e1ndar."},"content":{"rendered":"<p>El cabezal del cepillo InterCare tiene una alta densidad de cerdas extralargas de gran calidad para combatir la placa oculta que queda atrapada entre los dientes. Se ha probado cl\u00ednicamente que reduce la inflamaci\u00f3n y el sangrado gingival en tan solo 2\u00a0semanas. Este cabezal de cepillado Philips Sonicare cuenta con cerdas extralargas y de alta densidad para combatir la placa oculta que queda atrapada entre los dientes y otras zonas de dif\u00edcil acceso. Se comprob\u00f3 cl\u00ednicamente que el cabezal de cepillado Philips Sonicare InterCare elimina hasta 7 veces m\u00e1s placa entre los dientes que un cepillo dental manual despu\u00e9s de solo cuatro semanas de uso.<\/p>\n","protected":false},"excerpt":{"rendered":"<p>El cabezal de cepillado Philips Sonicare InterCare es perfecto para los que buscan hacer frente a la formaci\u00f3n de placa entre los dientes, aliviar el sangrado o la inflamaci\u00f3n de las enc\u00edas, y disfrutar de una sonrisa bonita y saludable.<\/p>\n","protected":false},"featured_media":11839,"comment_status":"closed","ping_status":"closed","template":"","meta":[],"product_cat":[69],"product_tag":[],"class_list":{"0":"post-11991","1":"product","2":"type-product","3":"status-publish","4":"has-post-thumbnail","6":"product_cat-bucal","8":"first","9":"instock","10":"sale","11":"sold-individually","12":"shipping-taxable","13":"purchasable","14":"product-type-simple"},"_links":{"self":[{"href":"https:\/\/partnersales.cl\/philips\/index.php?rest_route=\/wp\/v2\/product\/11991","targetHints":{"allow":["GET"]}}],"collection":[{"href":"https:\/\/partnersales.cl\/philips\/index.php?rest_route=\/wp\/v2\/product"}],"about":[{"href":"https:\/\/partnersales.cl\/philips\/index.php?rest_route=\/wp\/v2\/types\/product"}],"replies":[{"embeddable":true,"href":"https:\/\/partnersales.cl\/philips\/index.php?rest_route=%2Fwp%2Fv2%2Fcomments&post=11991"}],"version-history":[{"count":1,"href":"https:\/\/partnersales.cl\/philips\/index.php?rest_route=\/wp\/v2\/product\/11991\/revisions"}],"predecessor-version":[{"id":12008,"href":"https:\/\/partnersales.cl\/philips\/index.php?rest_route=\/wp\/v2\/product\/11991\/revisions\/12008"}],"wp:featuredmedia":[{"embeddable":true,"href":"https:\/\/partnersales.cl\/philips\/index.php?rest_route=\/wp\/v2\/media\/11839"}],"wp:attachment":[{"href":"https:\/\/partnersales.cl\/philips\/index.php?rest_route=%2Fwp%2Fv2%2Fmedia&parent=11991"}],"wp:term":[{"taxonomy":"product_cat","embeddable":true,"href":"https:\/\/partnersales.cl\/philips\/index.php?rest_route=%2Fwp%2Fv2%2Fproduct_cat&post=11991"},{"taxonomy":"product_tag","embeddable":true,"href":"https:\/\/partnersales.cl\/philips\/index.php?rest_route=%2Fwp%2Fv2%2Fproduct_tag&post=11991"}],"curies":[{"name":"wp","href":"https:\/\/api.w.org\/{rel}","templated":true}]}}