{"id":11990,"date":"2021-11-05T04:27:18","date_gmt":"2021-11-05T04:27:18","guid":{"rendered":"https:\/\/partnersales.cl\/philips\/?post_type=product&#038;p=11990"},"modified":"2021-11-05T04:27:23","modified_gmt":"2021-11-05T04:27:23","slug":"boquillas-interdentales-airfloss","status":"publish","type":"product","link":"https:\/\/partnersales.cl\/philips\/?product=boquillas-interdentales-airfloss","title":{"rendered":"Boquillas Interdentales AirFloss."},"content":{"rendered":"<p>AirFloss Ultra elimina hasta el 99,9% de la placa de las zonas tratadas. Nuestros resultados cl\u00ednicamente probados se consiguen gracias a nuestra exclusiva tecnolog\u00eda que combina aire y enjuague bucal o agua para limpiar de manera potente y suave entre los dientes y a lo largo de la l\u00ednea de las enc\u00edas. La limpieza interproximal es muy importante para la salud bucal general. AirFloss Ultra ofrece una forma sencilla de limpiar m\u00e1s en profundidad entre los dientes, lo que te ayuda a crear un h\u00e1bito saludable.<\/p>\n","protected":false},"excerpt":{"rendered":"<p>AirFloss Ultra elimina hasta el 99,9% de la placa de las zonas tratadas.<\/p>\n","protected":false},"featured_media":11836,"comment_status":"closed","ping_status":"closed","template":"","meta":[],"product_cat":[69],"product_tag":[],"class_list":{"0":"post-11990","1":"product","2":"type-product","3":"status-publish","4":"has-post-thumbnail","6":"product_cat-bucal","8":"first","9":"instock","10":"sale","11":"sold-individually","12":"shipping-taxable","13":"purchasable","14":"product-type-simple"},"_links":{"self":[{"href":"https:\/\/partnersales.cl\/philips\/index.php?rest_route=\/wp\/v2\/product\/11990","targetHints":{"allow":["GET"]}}],"collection":[{"href":"https:\/\/partnersales.cl\/philips\/index.php?rest_route=\/wp\/v2\/product"}],"about":[{"href":"https:\/\/partnersales.cl\/philips\/index.php?rest_route=\/wp\/v2\/types\/product"}],"replies":[{"embeddable":true,"href":"https:\/\/partnersales.cl\/philips\/index.php?rest_route=%2Fwp%2Fv2%2Fcomments&post=11990"}],"version-history":[{"count":1,"href":"https:\/\/partnersales.cl\/philips\/index.php?rest_route=\/wp\/v2\/product\/11990\/revisions"}],"predecessor-version":[{"id":12007,"href":"https:\/\/partnersales.cl\/philips\/index.php?rest_route=\/wp\/v2\/product\/11990\/revisions\/12007"}],"wp:featuredmedia":[{"embeddable":true,"href":"https:\/\/partnersales.cl\/philips\/index.php?rest_route=\/wp\/v2\/media\/11836"}],"wp:attachment":[{"href":"https:\/\/partnersales.cl\/philips\/index.php?rest_route=%2Fwp%2Fv2%2Fmedia&parent=11990"}],"wp:term":[{"taxonomy":"product_cat","embeddable":true,"href":"https:\/\/partnersales.cl\/philips\/index.php?rest_route=%2Fwp%2Fv2%2Fproduct_cat&post=11990"},{"taxonomy":"product_tag","embeddable":true,"href":"https:\/\/partnersales.cl\/philips\/index.php?rest_route=%2Fwp%2Fv2%2Fproduct_tag&post=11990"}],"curies":[{"name":"wp","href":"https:\/\/api.w.org\/{rel}","templated":true}]}}