{"id":11988,"date":"2021-11-05T04:27:18","date_gmt":"2021-11-05T04:27:18","guid":{"rendered":"https:\/\/partnersales.cl\/philips\/?post_type=product&#038;p=11988"},"modified":"2021-11-05T04:27:22","modified_gmt":"2021-11-05T04:27:22","slug":"secador-de-pelo-philips-thermoprotect-2100-w","status":"publish","type":"product","link":"https:\/\/partnersales.cl\/philips\/?product=secador-de-pelo-philips-thermoprotect-2100-w","title":{"rendered":"Secador de Pelo Philips ThermoProtect 2100 W."},"content":{"rendered":"<p>La temperatura ThermoProtect proporciona un ajuste \u00f3ptimo de calor durante el secado y constituye una protecci\u00f3n adicional contra el sobrecalentamiento del pelo. Disfruta del mismo flujo potente de aire y consigue unos resultados \u00f3ptimos, sin descuidar la salud de tu cabello. Este secador profesional de 2100 W crea un flujo de aire muy potente. El resultado de la combinaci\u00f3n de potencia y velocidad hace que secar y peinar el cabello sea m\u00e1s f\u00e1cil y r\u00e1pido. La velocidad y el calor pueden ajustarse f\u00e1cilmente para crear un peinado perfecto. Las seis posiciones diferentes garantizan un control completo para que obtengas un peinado preciso y con personalidad.<\/p>\n","protected":false},"excerpt":{"rendered":"<p>Protege tu cabello y disfruta al mismo tiempo de un secado r\u00e1pido. Gracias a los variados ajustes de velocidad y temperatura puedes disfrutar del tipo de secado que deseas o elige ThermoProtect para obtener un secado r\u00e1pido y a una temperatura constante que protege tu cabello.<\/p>\n","protected":false},"featured_media":11829,"comment_status":"closed","ping_status":"closed","template":"","meta":[],"product_cat":[67],"product_tag":[],"class_list":{"0":"post-11988","1":"product","2":"type-product","3":"status-publish","4":"has-post-thumbnail","6":"product_cat-beauty","8":"first","9":"instock","10":"sale","11":"sold-individually","12":"shipping-taxable","13":"purchasable","14":"product-type-simple"},"_links":{"self":[{"href":"https:\/\/partnersales.cl\/philips\/index.php?rest_route=\/wp\/v2\/product\/11988","targetHints":{"allow":["GET"]}}],"collection":[{"href":"https:\/\/partnersales.cl\/philips\/index.php?rest_route=\/wp\/v2\/product"}],"about":[{"href":"https:\/\/partnersales.cl\/philips\/index.php?rest_route=\/wp\/v2\/types\/product"}],"replies":[{"embeddable":true,"href":"https:\/\/partnersales.cl\/philips\/index.php?rest_route=%2Fwp%2Fv2%2Fcomments&post=11988"}],"version-history":[{"count":1,"href":"https:\/\/partnersales.cl\/philips\/index.php?rest_route=\/wp\/v2\/product\/11988\/revisions"}],"predecessor-version":[{"id":12005,"href":"https:\/\/partnersales.cl\/philips\/index.php?rest_route=\/wp\/v2\/product\/11988\/revisions\/12005"}],"wp:featuredmedia":[{"embeddable":true,"href":"https:\/\/partnersales.cl\/philips\/index.php?rest_route=\/wp\/v2\/media\/11829"}],"wp:attachment":[{"href":"https:\/\/partnersales.cl\/philips\/index.php?rest_route=%2Fwp%2Fv2%2Fmedia&parent=11988"}],"wp:term":[{"taxonomy":"product_cat","embeddable":true,"href":"https:\/\/partnersales.cl\/philips\/index.php?rest_route=%2Fwp%2Fv2%2Fproduct_cat&post=11988"},{"taxonomy":"product_tag","embeddable":true,"href":"https:\/\/partnersales.cl\/philips\/index.php?rest_route=%2Fwp%2Fv2%2Fproduct_tag&post=11988"}],"curies":[{"name":"wp","href":"https:\/\/api.w.org\/{rel}","templated":true}]}}