{"id":11959,"date":"2021-11-05T04:26:56","date_gmt":"2021-11-05T04:26:56","guid":{"rendered":"https:\/\/partnersales.cl\/philips\/?post_type=product&#038;p=11959"},"modified":"2021-11-05T04:27:21","modified_gmt":"2021-11-05T04:27:21","slug":"secador-thermoprotect-2200-w","status":"publish","type":"product","link":"https:\/\/partnersales.cl\/philips\/?product=secador-thermoprotect-2200-w","title":{"rendered":"Secador ThermoProtect 2200 W."},"content":{"rendered":"<p>El ajuste de temperatura ThermoProtect proporciona la temperatura de secado \u00f3ptima y ofrece mayor protecci\u00f3n frente al sobrecalentamiento del cabello. Disfruta del mismo flujo potente de aire y consigue unos resultados \u00f3ptimos, sin descuidar la salud de tu cabello. Este secador Philips ThermoProtect crea 2200 W para un flujo de aire r\u00e1pido e intenso. El resultado de la combinaci\u00f3n de potencia y velocidad hace que secar y peinar el cabello sea m\u00e1s f\u00e1cil y r\u00e1pido. La velocidad y el calor necesarios pueden ajustarse f\u00e1cilmente para crear un peinado perfecto. Las seis posiciones diferentes garantizan un control completo para conseguir un peinado preciso y con personalidad.<\/p>\n","protected":false},"excerpt":{"rendered":"<p>Protege tu pelo mientras lo secas r\u00e1pidamente. Este secador dispone de distintos ajustes de velocidad y temperatura. Incluye ThermoProtect para secar r\u00e1pidamente a una temperatura constante y suave.<\/p>\n","protected":false},"featured_media":11826,"comment_status":"closed","ping_status":"closed","template":"","meta":[],"product_cat":[67],"product_tag":[],"class_list":{"0":"post-11959","1":"product","2":"type-product","3":"status-publish","4":"has-post-thumbnail","6":"product_cat-beauty","8":"first","9":"instock","10":"sale","11":"sold-individually","12":"shipping-taxable","13":"purchasable","14":"product-type-simple"},"_links":{"self":[{"href":"https:\/\/partnersales.cl\/philips\/index.php?rest_route=\/wp\/v2\/product\/11959","targetHints":{"allow":["GET"]}}],"collection":[{"href":"https:\/\/partnersales.cl\/philips\/index.php?rest_route=\/wp\/v2\/product"}],"about":[{"href":"https:\/\/partnersales.cl\/philips\/index.php?rest_route=\/wp\/v2\/types\/product"}],"replies":[{"embeddable":true,"href":"https:\/\/partnersales.cl\/philips\/index.php?rest_route=%2Fwp%2Fv2%2Fcomments&post=11959"}],"version-history":[{"count":1,"href":"https:\/\/partnersales.cl\/philips\/index.php?rest_route=\/wp\/v2\/product\/11959\/revisions"}],"predecessor-version":[{"id":12004,"href":"https:\/\/partnersales.cl\/philips\/index.php?rest_route=\/wp\/v2\/product\/11959\/revisions\/12004"}],"wp:featuredmedia":[{"embeddable":true,"href":"https:\/\/partnersales.cl\/philips\/index.php?rest_route=\/wp\/v2\/media\/11826"}],"wp:attachment":[{"href":"https:\/\/partnersales.cl\/philips\/index.php?rest_route=%2Fwp%2Fv2%2Fmedia&parent=11959"}],"wp:term":[{"taxonomy":"product_cat","embeddable":true,"href":"https:\/\/partnersales.cl\/philips\/index.php?rest_route=%2Fwp%2Fv2%2Fproduct_cat&post=11959"},{"taxonomy":"product_tag","embeddable":true,"href":"https:\/\/partnersales.cl\/philips\/index.php?rest_route=%2Fwp%2Fv2%2Fproduct_tag&post=11959"}],"curies":[{"name":"wp","href":"https:\/\/api.w.org\/{rel}","templated":true}]}}