{"id":11957,"date":"2021-11-05T04:26:56","date_gmt":"2021-11-05T04:26:56","guid":{"rendered":"https:\/\/partnersales.cl\/philips\/?post_type=product&#038;p=11957"},"modified":"2021-11-05T04:27:16","modified_gmt":"2021-11-05T04:27:16","slug":"trimmer-recortador-de-vellos-para-retoques","status":"publish","type":"product","link":"https:\/\/partnersales.cl\/philips\/?product=trimmer-recortador-de-vellos-para-retoques","title":{"rendered":"Trimmer Recortador de vellos para retoques."},"content":{"rendered":"<p>El cabezal de corte para el vello corporal es perfecto a la hora de realizar retoques r\u00e1pidos en cualquier parte. El cabezal de corte de 26\u00a0mm garantiza un uso r\u00e1pido y f\u00e1cil en las zonas peque\u00f1as del cuerpo (como, dedos de los pies o rodillas). El cabezal de corte para el vello facial es fant\u00e1stico a la hora de realizar retoques r\u00e1pidos en cualquier parte. El cabezal de corte de 8mm garantiza un uso r\u00e1pido y preciso en todas las zonas del rostro. Con 2 opciones de longitud, de 2 mm y 4 mm, para recortar el vello a la longitud precisa que desees. Solo tienes que colocar el peine-gu\u00eda en el cabezal de corte para lograr un resultado preciso y uniforme.<\/p>\n","protected":false},"excerpt":{"rendered":"<p>Siempre suave. El nuevo recortador port\u00e1til de Philips es un producto de belleza discreta con la que podr\u00e1s extraer r\u00e1pida y f\u00e1cilmente hasta el vello corporal y facial m\u00e1s fino est\u00e9s donde est\u00e9s. Incluye un cepillo de limpieza para una mayor higiene.<\/p>\n","protected":false},"featured_media":11819,"comment_status":"closed","ping_status":"closed","template":"","meta":[],"product_cat":[67],"product_tag":[],"class_list":{"0":"post-11957","1":"product","2":"type-product","3":"status-publish","4":"has-post-thumbnail","6":"product_cat-beauty","8":"first","9":"instock","10":"sale","11":"sold-individually","12":"shipping-taxable","13":"purchasable","14":"product-type-simple"},"_links":{"self":[{"href":"https:\/\/partnersales.cl\/philips\/index.php?rest_route=\/wp\/v2\/product\/11957","targetHints":{"allow":["GET"]}}],"collection":[{"href":"https:\/\/partnersales.cl\/philips\/index.php?rest_route=\/wp\/v2\/product"}],"about":[{"href":"https:\/\/partnersales.cl\/philips\/index.php?rest_route=\/wp\/v2\/types\/product"}],"replies":[{"embeddable":true,"href":"https:\/\/partnersales.cl\/philips\/index.php?rest_route=%2Fwp%2Fv2%2Fcomments&post=11957"}],"version-history":[{"count":1,"href":"https:\/\/partnersales.cl\/philips\/index.php?rest_route=\/wp\/v2\/product\/11957\/revisions"}],"predecessor-version":[{"id":11987,"href":"https:\/\/partnersales.cl\/philips\/index.php?rest_route=\/wp\/v2\/product\/11957\/revisions\/11987"}],"wp:featuredmedia":[{"embeddable":true,"href":"https:\/\/partnersales.cl\/philips\/index.php?rest_route=\/wp\/v2\/media\/11819"}],"wp:attachment":[{"href":"https:\/\/partnersales.cl\/philips\/index.php?rest_route=%2Fwp%2Fv2%2Fmedia&parent=11957"}],"wp:term":[{"taxonomy":"product_cat","embeddable":true,"href":"https:\/\/partnersales.cl\/philips\/index.php?rest_route=%2Fwp%2Fv2%2Fproduct_cat&post=11957"},{"taxonomy":"product_tag","embeddable":true,"href":"https:\/\/partnersales.cl\/philips\/index.php?rest_route=%2Fwp%2Fv2%2Fproduct_tag&post=11957"}],"curies":[{"name":"wp","href":"https:\/\/api.w.org\/{rel}","templated":true}]}}