{"id":11956,"date":"2021-11-05T04:26:56","date_gmt":"2021-11-05T04:26:56","guid":{"rendered":"https:\/\/partnersales.cl\/philips\/?post_type=product&#038;p=11956"},"modified":"2021-11-05T04:27:16","modified_gmt":"2021-11-05T04:27:16","slug":"cortadora-de-cabello-lavable","status":"publish","type":"product","link":"https:\/\/partnersales.cl\/philips\/?product=cortadora-de-cabello-lavable","title":{"rendered":"Cortadora de cabello lavable."},"content":{"rendered":"<p>El innovador dise\u00f1o del peine permite que el cabello cortado caiga para despejar las cuchillas durante el uso, lo que evita que los cabellos m\u00e1s largos se atasquen en el peine. As\u00ed podr\u00e1s darle un acabado a tu dise\u00f1o sin interrupciones. Recorta cualquier tipo de cabello con nuestra avanzada tecnolog\u00eda DualCut: una innovadora unidad de corte bilateral que corta el cabello el doble de r\u00e1pido que las cuchillas unilaterales. Gira la rueda de posiciones para seleccionar y bloquear la posici\u00f3n de longitud que desees. Los dos peines ajustables te permiten cortar de 3 a 28 mm con exactamente 1 mm entre cada longitud. Usa el peine recortador de barba de 2 mm para recortar cabello corto o darle estilo a tu barba. Quita el peine para conseguir cortes de 0.5 mm.<\/p>\n","protected":false},"excerpt":{"rendered":"<p>Obt\u00e9n un corte de cabello uniforme gracias a las tecnolog\u00edas DualCut y Trim-n-Flow\u00a0Pro. El nuevo dise\u00f1o del peine recortador evita que el cabello de cualquier longitud se atasque en \u00e9l para que puedas darle un acabado a tu dise\u00f1o de una sola pasada.<\/p>\n","protected":false},"featured_media":11815,"comment_status":"closed","ping_status":"closed","template":"","meta":[],"product_cat":[68],"product_tag":[],"class_list":{"0":"post-11956","1":"product","2":"type-product","3":"status-publish","4":"has-post-thumbnail","6":"product_cat-grooming","8":"first","9":"instock","10":"sale","11":"sold-individually","12":"shipping-taxable","13":"purchasable","14":"product-type-simple"},"_links":{"self":[{"href":"https:\/\/partnersales.cl\/philips\/index.php?rest_route=\/wp\/v2\/product\/11956","targetHints":{"allow":["GET"]}}],"collection":[{"href":"https:\/\/partnersales.cl\/philips\/index.php?rest_route=\/wp\/v2\/product"}],"about":[{"href":"https:\/\/partnersales.cl\/philips\/index.php?rest_route=\/wp\/v2\/types\/product"}],"replies":[{"embeddable":true,"href":"https:\/\/partnersales.cl\/philips\/index.php?rest_route=%2Fwp%2Fv2%2Fcomments&post=11956"}],"version-history":[{"count":1,"href":"https:\/\/partnersales.cl\/philips\/index.php?rest_route=\/wp\/v2\/product\/11956\/revisions"}],"predecessor-version":[{"id":11986,"href":"https:\/\/partnersales.cl\/philips\/index.php?rest_route=\/wp\/v2\/product\/11956\/revisions\/11986"}],"wp:featuredmedia":[{"embeddable":true,"href":"https:\/\/partnersales.cl\/philips\/index.php?rest_route=\/wp\/v2\/media\/11815"}],"wp:attachment":[{"href":"https:\/\/partnersales.cl\/philips\/index.php?rest_route=%2Fwp%2Fv2%2Fmedia&parent=11956"}],"wp:term":[{"taxonomy":"product_cat","embeddable":true,"href":"https:\/\/partnersales.cl\/philips\/index.php?rest_route=%2Fwp%2Fv2%2Fproduct_cat&post=11956"},{"taxonomy":"product_tag","embeddable":true,"href":"https:\/\/partnersales.cl\/philips\/index.php?rest_route=%2Fwp%2Fv2%2Fproduct_tag&post=11956"}],"curies":[{"name":"wp","href":"https:\/\/api.w.org\/{rel}","templated":true}]}}