{"id":11955,"date":"2021-11-05T04:26:55","date_gmt":"2021-11-05T04:26:55","guid":{"rendered":"https:\/\/partnersales.cl\/philips\/?post_type=product&#038;p=11955"},"modified":"2021-11-05T04:27:15","modified_gmt":"2021-11-05T04:27:15","slug":"cortadora-2","status":"publish","type":"product","link":"https:\/\/partnersales.cl\/philips\/?product=cortadora-2","title":{"rendered":"Cortadora."},"content":{"rendered":"<p>Nuestro innovador peine recortador se dise\u00f1\u00f3 para evitar que el pelo se quede atascado en el cortapelos. Para que puedas seguir cortando pelo de principio a fin, sin interrupci\u00f3n. Recorta cualquier tipo de cabello con nuestra avanzada tecnolog\u00eda DualCut: una innovadora unidad de corte bilateral que corta el cabello el doble de r\u00e1pido que las cuchillas unilaterales. Las cuchillas autoafilables de acero inoxidable tienen una duraci\u00f3n incre\u00edblemente larga. Incluso despu\u00e9s de 5 a\u00f1os, cortan justo como el primer d\u00eda.<\/p>\n","protected":false},"excerpt":{"rendered":"<p>Corta el cabello de forma sencilla y r\u00e1pida. La tecnolog\u00eda DualCut con cuchillas autoafilables corta el doble de r\u00e1pido*. La tecnolog\u00eda Trim-n-Flow incorpora un peine recortador dise\u00f1ado para evitar las obstrucciones, as\u00ed podr\u00e1s darle un acabado a tu dise\u00f1o de una pasada.<\/p>\n","protected":false},"featured_media":11811,"comment_status":"closed","ping_status":"closed","template":"","meta":[],"product_cat":[68],"product_tag":[],"class_list":{"0":"post-11955","1":"product","2":"type-product","3":"status-publish","4":"has-post-thumbnail","6":"product_cat-grooming","8":"first","9":"instock","10":"sale","11":"sold-individually","12":"shipping-taxable","13":"purchasable","14":"product-type-simple"},"_links":{"self":[{"href":"https:\/\/partnersales.cl\/philips\/index.php?rest_route=\/wp\/v2\/product\/11955","targetHints":{"allow":["GET"]}}],"collection":[{"href":"https:\/\/partnersales.cl\/philips\/index.php?rest_route=\/wp\/v2\/product"}],"about":[{"href":"https:\/\/partnersales.cl\/philips\/index.php?rest_route=\/wp\/v2\/types\/product"}],"replies":[{"embeddable":true,"href":"https:\/\/partnersales.cl\/philips\/index.php?rest_route=%2Fwp%2Fv2%2Fcomments&post=11955"}],"version-history":[{"count":1,"href":"https:\/\/partnersales.cl\/philips\/index.php?rest_route=\/wp\/v2\/product\/11955\/revisions"}],"predecessor-version":[{"id":11985,"href":"https:\/\/partnersales.cl\/philips\/index.php?rest_route=\/wp\/v2\/product\/11955\/revisions\/11985"}],"wp:featuredmedia":[{"embeddable":true,"href":"https:\/\/partnersales.cl\/philips\/index.php?rest_route=\/wp\/v2\/media\/11811"}],"wp:attachment":[{"href":"https:\/\/partnersales.cl\/philips\/index.php?rest_route=%2Fwp%2Fv2%2Fmedia&parent=11955"}],"wp:term":[{"taxonomy":"product_cat","embeddable":true,"href":"https:\/\/partnersales.cl\/philips\/index.php?rest_route=%2Fwp%2Fv2%2Fproduct_cat&post=11955"},{"taxonomy":"product_tag","embeddable":true,"href":"https:\/\/partnersales.cl\/philips\/index.php?rest_route=%2Fwp%2Fv2%2Fproduct_tag&post=11955"}],"curies":[{"name":"wp","href":"https:\/\/api.w.org\/{rel}","templated":true}]}}