{"id":11953,"date":"2021-11-05T04:26:55","date_gmt":"2021-11-05T04:26:55","guid":{"rendered":"https:\/\/partnersales.cl\/philips\/?post_type=product&#038;p=11953"},"modified":"2021-11-05T04:27:14","modified_gmt":"2021-11-05T04:27:14","slug":"cortabarba-3","status":"publish","type":"product","link":"https:\/\/partnersales.cl\/philips\/?product=cortabarba-3","title":{"rendered":"Cortabarba."},"content":{"rendered":"<p>La barba no tiene ninguna posibilidad. El sistema Lift&#038;Trim Pro captura todos los vellos cortos y los levanta hacia las cuchillas para obtener un corte preciso, sin dejar de ser una cortadora de cabello ideal para barbas largas. Las cuchillas de acero inoxidable se afilan dos veces para que corten de manera precisa incluso el vello m\u00e1s grueso. Se frotan suavemente entre s\u00ed para autoafilarse, por lo que no se requieren repuestos ni lubricantes durante la vida \u00fatil del recortador. Ajusta la rueda de ajuste de longitud de corte del peine-gu\u00eda a tu longitud de corte preferida y consigue el estilo de barba que buscas. Usa el peine-gu\u00eda para barba corta si quieres entre 0.4 y 10 mm o el peine-gu\u00eda para barba larga si buscas un ajuste entre 10 y 20 mm.<\/p>\n","protected":false},"excerpt":{"rendered":"<p>El recorte uniforme y preciso que buscas cuando creas tu estilo de barba de 3 d\u00edas, barba corta o barba larga. El innovador sistema Lift &#038; Trim PRO levanta el vello hasta el nivel de las cuchillas de doble filo para un recorte uniforme con una sola pasada.<\/p>\n","protected":false},"featured_media":11802,"comment_status":"closed","ping_status":"closed","template":"","meta":[],"product_cat":[68],"product_tag":[],"class_list":{"0":"post-11953","1":"product","2":"type-product","3":"status-publish","4":"has-post-thumbnail","6":"product_cat-grooming","8":"first","9":"instock","10":"sale","11":"sold-individually","12":"shipping-taxable","13":"purchasable","14":"product-type-simple"},"_links":{"self":[{"href":"https:\/\/partnersales.cl\/philips\/index.php?rest_route=\/wp\/v2\/product\/11953","targetHints":{"allow":["GET"]}}],"collection":[{"href":"https:\/\/partnersales.cl\/philips\/index.php?rest_route=\/wp\/v2\/product"}],"about":[{"href":"https:\/\/partnersales.cl\/philips\/index.php?rest_route=\/wp\/v2\/types\/product"}],"replies":[{"embeddable":true,"href":"https:\/\/partnersales.cl\/philips\/index.php?rest_route=%2Fwp%2Fv2%2Fcomments&post=11953"}],"version-history":[{"count":1,"href":"https:\/\/partnersales.cl\/philips\/index.php?rest_route=\/wp\/v2\/product\/11953\/revisions"}],"predecessor-version":[{"id":11983,"href":"https:\/\/partnersales.cl\/philips\/index.php?rest_route=\/wp\/v2\/product\/11953\/revisions\/11983"}],"wp:featuredmedia":[{"embeddable":true,"href":"https:\/\/partnersales.cl\/philips\/index.php?rest_route=\/wp\/v2\/media\/11802"}],"wp:attachment":[{"href":"https:\/\/partnersales.cl\/philips\/index.php?rest_route=%2Fwp%2Fv2%2Fmedia&parent=11953"}],"wp:term":[{"taxonomy":"product_cat","embeddable":true,"href":"https:\/\/partnersales.cl\/philips\/index.php?rest_route=%2Fwp%2Fv2%2Fproduct_cat&post=11953"},{"taxonomy":"product_tag","embeddable":true,"href":"https:\/\/partnersales.cl\/philips\/index.php?rest_route=%2Fwp%2Fv2%2Fproduct_tag&post=11953"}],"curies":[{"name":"wp","href":"https:\/\/api.w.org\/{rel}","templated":true}]}}