{"id":11952,"date":"2021-11-05T04:26:55","date_gmt":"2021-11-05T04:26:55","guid":{"rendered":"https:\/\/partnersales.cl\/philips\/?post_type=product&#038;p=11952"},"modified":"2021-11-05T04:27:13","modified_gmt":"2021-11-05T04:27:13","slug":"cortabarba-2","status":"publish","type":"product","link":"https:\/\/partnersales.cl\/philips\/?product=cortabarba-2","title":{"rendered":"Cortabarba."},"content":{"rendered":"<p>Recorta tu barba incipiente con nuestro nuevo sistema Lift &#038; Trim: el peine recortador levanta y dirige el vello al nivel de las cuchillas para obtener un corte uniforme. Consigue un corte perfecto y seguro, una y otra vez. Las cuchillas de acero del recortador se frotan suavemente entre s\u00ed, afil\u00e1ndose unas a otras a medida que cortan el vello, por lo que conservan un filo potente y ofrecen un alto rendimiento como en el primer d\u00eda. Las cuchillas cuentan con puntas redondeadas para un contacto suave con la piel y para evitar ara\u00f1azos e irritaci\u00f3n.<\/p>\n","protected":false},"excerpt":{"rendered":"<p>Este recortador con el innovador sistema Lift &#038; Trim levanta y captura m\u00e1s vellos que crecen pegados para ofrecer unos resultados de corte eficaces y uniformes. As\u00ed te permite conseguir esa barba de tres d\u00edas, barba corta o barba larga perfecta.<\/p>\n","protected":false},"featured_media":11798,"comment_status":"closed","ping_status":"closed","template":"","meta":[],"product_cat":[68],"product_tag":[],"class_list":{"0":"post-11952","1":"product","2":"type-product","3":"status-publish","4":"has-post-thumbnail","6":"product_cat-grooming","8":"first","9":"instock","10":"sale","11":"sold-individually","12":"shipping-taxable","13":"purchasable","14":"product-type-simple"},"_links":{"self":[{"href":"https:\/\/partnersales.cl\/philips\/index.php?rest_route=\/wp\/v2\/product\/11952","targetHints":{"allow":["GET"]}}],"collection":[{"href":"https:\/\/partnersales.cl\/philips\/index.php?rest_route=\/wp\/v2\/product"}],"about":[{"href":"https:\/\/partnersales.cl\/philips\/index.php?rest_route=\/wp\/v2\/types\/product"}],"replies":[{"embeddable":true,"href":"https:\/\/partnersales.cl\/philips\/index.php?rest_route=%2Fwp%2Fv2%2Fcomments&post=11952"}],"version-history":[{"count":1,"href":"https:\/\/partnersales.cl\/philips\/index.php?rest_route=\/wp\/v2\/product\/11952\/revisions"}],"predecessor-version":[{"id":11982,"href":"https:\/\/partnersales.cl\/philips\/index.php?rest_route=\/wp\/v2\/product\/11952\/revisions\/11982"}],"wp:featuredmedia":[{"embeddable":true,"href":"https:\/\/partnersales.cl\/philips\/index.php?rest_route=\/wp\/v2\/media\/11798"}],"wp:attachment":[{"href":"https:\/\/partnersales.cl\/philips\/index.php?rest_route=%2Fwp%2Fv2%2Fmedia&parent=11952"}],"wp:term":[{"taxonomy":"product_cat","embeddable":true,"href":"https:\/\/partnersales.cl\/philips\/index.php?rest_route=%2Fwp%2Fv2%2Fproduct_cat&post=11952"},{"taxonomy":"product_tag","embeddable":true,"href":"https:\/\/partnersales.cl\/philips\/index.php?rest_route=%2Fwp%2Fv2%2Fproduct_tag&post=11952"}],"curies":[{"name":"wp","href":"https:\/\/api.w.org\/{rel}","templated":true}]}}