{"id":11950,"date":"2021-11-05T04:26:54","date_gmt":"2021-11-05T04:26:54","guid":{"rendered":"https:\/\/partnersales.cl\/philips\/?post_type=product&#038;p=11950"},"modified":"2021-11-05T04:27:11","modified_gmt":"2021-11-05T04:27:11","slug":"lumea-serie-9000-2","status":"publish","type":"product","link":"https:\/\/partnersales.cl\/philips\/?product=lumea-serie-9000-2","title":{"rendered":"Lumea Serie 9000."},"content":{"rendered":"<p>IPL significa \u00abluz pulsada intensa\u00bb. Se trata de una tecnolog\u00eda que utiliza una luz suave y c\u00e1lida para dormir el pelo. La luz viaja a la ra\u00edz del cabello, lo que hace que el fol\u00edculo pase a una fase de reposo y estimule el cabello para que se libere. Los tratamientos repetidos evitan gradualmente que el vello vuelva a crecer, dejando la piel sin vello y suave al tacto. Philips Lumea ha sido desarrollada por dermat\u00f3logos y se ha probado cl\u00ednicamente para garantizar tratamientos sencillos, eficaces y c\u00f3modos incluso en zonas sensibles, desde la comodidad de tu propio hogar. Estudios objetivos demuestran la reducci\u00f3n de hasta el 92% del vello despu\u00e9s de tres sesiones. Realiza las cuatro primeras sesiones cada dos semanas y las siguientes ocho sesiones cada cuatro semanas. Despu\u00e9s de 12 sesiones, podr\u00e1s disfrutar de seis meses de piel suave y sin vello. Detecta: el sensor SmartSkin de Lumea detecta el tono de piel e indica el ajuste de luz m\u00e1s c\u00f3modo para ti. Adapta: los accesorios inteligentes adaptan los programas personalizados a cada zona del cuerpo. Cuida: desarrollado junto con dermat\u00f3logos e inspirado en ti para ofrecer una depilaci\u00f3n suave y duradera, incluso en las zonas sensibles<\/p>\n","protected":false},"excerpt":{"rendered":"<p>La depilaci\u00f3n IPL m\u00e1s eficaz, 6\u00a0meses despu\u00e9s de un ciclo de tratamiento completo.** La tecnolog\u00eda IPL con SenseIQ elimina de forma duradera el vello corporal en la comodidad de su hogar. Consiga una piel suave como en el sal\u00f3n de est\u00e9tica gracias a la gu\u00eda personalizada de la aplicaci\u00f3n de Lumea IPL.<\/p>\n","protected":false},"featured_media":11791,"comment_status":"closed","ping_status":"closed","template":"","meta":[],"product_cat":[67],"product_tag":[],"class_list":{"0":"post-11950","1":"product","2":"type-product","3":"status-publish","4":"has-post-thumbnail","6":"product_cat-beauty","8":"first","9":"instock","10":"sale","11":"sold-individually","12":"shipping-taxable","13":"purchasable","14":"product-type-simple"},"_links":{"self":[{"href":"https:\/\/partnersales.cl\/philips\/index.php?rest_route=\/wp\/v2\/product\/11950","targetHints":{"allow":["GET"]}}],"collection":[{"href":"https:\/\/partnersales.cl\/philips\/index.php?rest_route=\/wp\/v2\/product"}],"about":[{"href":"https:\/\/partnersales.cl\/philips\/index.php?rest_route=\/wp\/v2\/types\/product"}],"replies":[{"embeddable":true,"href":"https:\/\/partnersales.cl\/philips\/index.php?rest_route=%2Fwp%2Fv2%2Fcomments&post=11950"}],"version-history":[{"count":1,"href":"https:\/\/partnersales.cl\/philips\/index.php?rest_route=\/wp\/v2\/product\/11950\/revisions"}],"predecessor-version":[{"id":11980,"href":"https:\/\/partnersales.cl\/philips\/index.php?rest_route=\/wp\/v2\/product\/11950\/revisions\/11980"}],"wp:featuredmedia":[{"embeddable":true,"href":"https:\/\/partnersales.cl\/philips\/index.php?rest_route=\/wp\/v2\/media\/11791"}],"wp:attachment":[{"href":"https:\/\/partnersales.cl\/philips\/index.php?rest_route=%2Fwp%2Fv2%2Fmedia&parent=11950"}],"wp:term":[{"taxonomy":"product_cat","embeddable":true,"href":"https:\/\/partnersales.cl\/philips\/index.php?rest_route=%2Fwp%2Fv2%2Fproduct_cat&post=11950"},{"taxonomy":"product_tag","embeddable":true,"href":"https:\/\/partnersales.cl\/philips\/index.php?rest_route=%2Fwp%2Fv2%2Fproduct_tag&post=11950"}],"curies":[{"name":"wp","href":"https:\/\/api.w.org\/{rel}","templated":true}]}}