{"id":11947,"date":"2021-11-05T04:26:54","date_gmt":"2021-11-05T04:26:54","guid":{"rendered":"https:\/\/partnersales.cl\/philips\/?post_type=product&#038;p=11947"},"modified":"2021-11-05T04:27:08","modified_gmt":"2021-11-05T04:27:08","slug":"lumea-prestige","status":"publish","type":"product","link":"https:\/\/partnersales.cl\/philips\/?product=lumea-prestige","title":{"rendered":"Lumea Prestige."},"content":{"rendered":"<p>Las siglas IPL corresponden a Intense Pulse Light (luz pulsada intensa). Philips Lumea aplica sutiles pulsaciones de luz sobre la ra\u00edz del vello, lo que provoca que el fol\u00edculo entre en una fase de reposo. Como consecuencia, la cantidad de vello corporal disminuye gradualmente. Al repetir el tratamiento, la piel queda sin vello y suave al tacto. El tratamiento para evitar que el vello vuelva a crecer es seguro, incluso para las zonas m\u00e1s sensibles. Philips Lumea se ha probado cl\u00ednicamente y se ha desarrollado junto con dermat\u00f3logos para proporcionar un tratamiento f\u00e1cil y efectivo desde la comodidad de tu propio hogar. En estudios objetivos, se muestra hasta un 92% de reducci\u00f3n del vello despu\u00e9s de tres tratamientos**. Realiza los primeros cuatro tratamientos cada dos semanas y los siguientes ocho cada cuatro semanas. Despu\u00e9s de 12 tratamientos, puedes disfrutar de seis meses de piel suave sin vello*. Philips Lumea Prestige es eficaz en una amplia variedad de tipos de vello y piel. Funciona en vello rubio oscuro, casta\u00f1o o negro (de color natural) y en tonos de piel que van desde muy claros hasta marrones oscuros. La tecnolog\u00eda IPL necesita contraste entre el pigmento del color del vello y el pigmento del tono de piel, por lo tanto (como otros tratamientos basados en IPL) Lumea no puede usarse para tratar vello blanco, gris, rubio claro o pelirrojo, y no es adecuado para piel muy oscura.<\/p>\n","protected":false},"excerpt":{"rendered":"<p>Philips\u00a0Lumea\u00a0Prestige con tecnolog\u00eda SenseIQ es nuestro IPL de m\u00e1s alto rendimiento. Dise\u00f1ado para un tratamiento c\u00f3modo en casa, los accesorios inteligentes de Lumea se adaptan perfectamente a cada curva de tu cuerpo y adaptan los programas personalizados para cada zona del cuerpo.<\/p>\n","protected":false},"featured_media":11781,"comment_status":"closed","ping_status":"closed","template":"","meta":[],"product_cat":[67],"product_tag":[],"class_list":{"0":"post-11947","1":"product","2":"type-product","3":"status-publish","4":"has-post-thumbnail","6":"product_cat-beauty","8":"first","9":"instock","10":"sale","11":"sold-individually","12":"shipping-taxable","13":"purchasable","14":"product-type-simple"},"_links":{"self":[{"href":"https:\/\/partnersales.cl\/philips\/index.php?rest_route=\/wp\/v2\/product\/11947","targetHints":{"allow":["GET"]}}],"collection":[{"href":"https:\/\/partnersales.cl\/philips\/index.php?rest_route=\/wp\/v2\/product"}],"about":[{"href":"https:\/\/partnersales.cl\/philips\/index.php?rest_route=\/wp\/v2\/types\/product"}],"replies":[{"embeddable":true,"href":"https:\/\/partnersales.cl\/philips\/index.php?rest_route=%2Fwp%2Fv2%2Fcomments&post=11947"}],"version-history":[{"count":1,"href":"https:\/\/partnersales.cl\/philips\/index.php?rest_route=\/wp\/v2\/product\/11947\/revisions"}],"predecessor-version":[{"id":11977,"href":"https:\/\/partnersales.cl\/philips\/index.php?rest_route=\/wp\/v2\/product\/11947\/revisions\/11977"}],"wp:featuredmedia":[{"embeddable":true,"href":"https:\/\/partnersales.cl\/philips\/index.php?rest_route=\/wp\/v2\/media\/11781"}],"wp:attachment":[{"href":"https:\/\/partnersales.cl\/philips\/index.php?rest_route=%2Fwp%2Fv2%2Fmedia&parent=11947"}],"wp:term":[{"taxonomy":"product_cat","embeddable":true,"href":"https:\/\/partnersales.cl\/philips\/index.php?rest_route=%2Fwp%2Fv2%2Fproduct_cat&post=11947"},{"taxonomy":"product_tag","embeddable":true,"href":"https:\/\/partnersales.cl\/philips\/index.php?rest_route=%2Fwp%2Fv2%2Fproduct_tag&post=11947"}],"curies":[{"name":"wp","href":"https:\/\/api.w.org\/{rel}","templated":true}]}}