{"id":11945,"date":"2021-11-05T04:26:54","date_gmt":"2021-11-05T04:26:54","guid":{"rendered":"https:\/\/partnersales.cl\/philips\/?post_type=product&#038;p=11945"},"modified":"2021-11-05T04:27:05","modified_gmt":"2021-11-05T04:27:05","slug":"lumea-advanced-3","status":"publish","type":"product","link":"https:\/\/partnersales.cl\/philips\/?product=lumea-advanced-3","title":{"rendered":"Lumea Advanced."},"content":{"rendered":"<p>Las siglas IPL corresponden a Intense Pulse Light (luz pulsada intensa). Philips Lumea aplica sutiles pulsaciones de luz sobre la ra\u00edz del vello, lo que provoca que el fol\u00edculo entre en una fase de reposo. Como consecuencia, la cantidad de vello corporal disminuye gradualmente. Al repetir el tratamiento, la piel queda sin vello y suave al tacto. El tratamiento para evitar que el vello vuelva a crecer es seguro, incluso para las zonas m\u00e1s sensibles. Philips Lumea se ha probado cl\u00ednicamente y se ha desarrollado junto con dermat\u00f3logos para proporcionar un tratamiento f\u00e1cil y efectivo desde la comodidad de tu propio hogar. Estudios independientes muestran una reducci\u00f3n del vello de hasta el 92 % con tan solo tres tratamientos**. Los primeros cuatro tratamientos deben realizarse cada dos semanas, despu\u00e9s de las cuales ya deber\u00edas ver los resultados deseados. Y para mantenerlos, tan solo tendr\u00e1s que retocarte cada cuatro semanas. Despu\u00e9s de tan solo ocho tratamientos de retoque, podr\u00e1s disfrutar de una piel sin vello durante seis meses*. Para ampliar esta imagen, haz clic en la galer\u00eda de im\u00e1genes en la parte superior de esta p\u00e1gina. Philips Lumea Prestige funciona de forma eficaz, f\u00e1cil y segura en una amplia variedad de tipos de vello y de piel. Funciona en vellos rubios oscuros, casta\u00f1os y negros (de color natural) y en tonos de piel que van desde el muy blanco al marr\u00f3n oscuro. Al igual que ocurre con otros tratamientos basados en IPL, Philips Lumea no se puede utilizar para tratar vello blanco\/gris, rubio claro o pelirrojo y no es adecuado para la piel muy oscura. Esto se debe al alto contraste necesario entre la pigmentaci\u00f3n del color del vello y el pigmento del tono de la piel.<\/p>\n","protected":false},"excerpt":{"rendered":"<p>Philips Lumea Prestige, nuestro sistema IPL m\u00e1s potente hasta la fecha, se ha desarrollado para las curvas del cuerpo y el uso dom\u00e9stico m\u00e1s sencillo. Los exclusivos accesorios curvos inteligentes se adaptan a la perfecci\u00f3n a las curvas y modifican los programas de tratamiento seg\u00fan la zona del cuerpo.<\/p>\n","protected":false},"featured_media":11773,"comment_status":"closed","ping_status":"closed","template":"","meta":[],"product_cat":[67],"product_tag":[],"class_list":{"0":"post-11945","1":"product","2":"type-product","3":"status-publish","4":"has-post-thumbnail","6":"product_cat-beauty","8":"first","9":"instock","10":"sale","11":"sold-individually","12":"shipping-taxable","13":"purchasable","14":"product-type-simple"},"_links":{"self":[{"href":"https:\/\/partnersales.cl\/philips\/index.php?rest_route=\/wp\/v2\/product\/11945","targetHints":{"allow":["GET"]}}],"collection":[{"href":"https:\/\/partnersales.cl\/philips\/index.php?rest_route=\/wp\/v2\/product"}],"about":[{"href":"https:\/\/partnersales.cl\/philips\/index.php?rest_route=\/wp\/v2\/types\/product"}],"replies":[{"embeddable":true,"href":"https:\/\/partnersales.cl\/philips\/index.php?rest_route=%2Fwp%2Fv2%2Fcomments&post=11945"}],"version-history":[{"count":1,"href":"https:\/\/partnersales.cl\/philips\/index.php?rest_route=\/wp\/v2\/product\/11945\/revisions"}],"predecessor-version":[{"id":11975,"href":"https:\/\/partnersales.cl\/philips\/index.php?rest_route=\/wp\/v2\/product\/11945\/revisions\/11975"}],"wp:featuredmedia":[{"embeddable":true,"href":"https:\/\/partnersales.cl\/philips\/index.php?rest_route=\/wp\/v2\/media\/11773"}],"wp:attachment":[{"href":"https:\/\/partnersales.cl\/philips\/index.php?rest_route=%2Fwp%2Fv2%2Fmedia&parent=11945"}],"wp:term":[{"taxonomy":"product_cat","embeddable":true,"href":"https:\/\/partnersales.cl\/philips\/index.php?rest_route=%2Fwp%2Fv2%2Fproduct_cat&post=11945"},{"taxonomy":"product_tag","embeddable":true,"href":"https:\/\/partnersales.cl\/philips\/index.php?rest_route=%2Fwp%2Fv2%2Fproduct_tag&post=11945"}],"curies":[{"name":"wp","href":"https:\/\/api.w.org\/{rel}","templated":true}]}}