{"id":11944,"date":"2021-11-05T04:26:53","date_gmt":"2021-11-05T04:26:53","guid":{"rendered":"https:\/\/partnersales.cl\/philips\/?post_type=product&#038;p=11944"},"modified":"2021-11-05T04:27:04","modified_gmt":"2021-11-05T04:27:04","slug":"lumea-advanced-2","status":"publish","type":"product","link":"https:\/\/partnersales.cl\/philips\/?product=lumea-advanced-2","title":{"rendered":"Lumea Advanced."},"content":{"rendered":"<p>IPL significa luz pulsada intensa. Philips Lumea aplica ligeras pulsaciones de luz sobre la ra\u00edz del vello, las cuales deja al fol\u00edculo en una fase de reposo. Como consecuencia, la cantidad de vello corporal que crece disminuye gradualmente. La repetici\u00f3n del tratamiento deja la piel sin vello y suave al tacto. El tratamiento para evitar la reaparici\u00f3n del vello es seguro y suave, incluso en zonas sensibles. Philips Lumea est\u00e1 cl\u00ednicamente probada y desarrollada con dermat\u00f3logos para brindar un tratamiento sencillo y eficaz en la comodidad de tu hogar. Estudios independientes muestran una reducci\u00f3n del vello de, al menos, un 85 % con tan solo tres tratamientos**. Los primeros cuatro tratamientos deben realizarse cada dos semanas, despu\u00e9s de las cuales ya deber\u00edas ver los resultados deseados. Para mantenerlos, tan solo tendr\u00e1s que retocarte cada cuatro semanas. Despu\u00e9s de tan solo ocho tratamientos de retoque, podr\u00e1s disfrutar de una piel sin vello durante tres meses*. Para ampliar esta imagen, haz clic en la imagen de la galer\u00eda de im\u00e1genes en la parte superior de esta p\u00e1gina. Philips Lumea Prestige funciona de forma eficaz, f\u00e1cil y segura en una amplia variedad de tipos de vello y piel. Funciona en vellos rubios oscuros, casta\u00f1os y negros (de color natural) y en tonos de piel que van desde el muy blanco al marr\u00f3n oscuro. Al igual que ocurre con otros tratamientos basados en IPL, Philips Lumea no se puede utilizar para tratar vello blanco\/gris, rubio claro o pelirrojo ni es adecuado para la piel muy oscura. Esto se debe al alto contraste necesario entre la pigmentaci\u00f3n del color del vello y el pigmento del tono de la piel.<\/p>\n","protected":false},"excerpt":{"rendered":"<p>El sistema Philips Lumea Advanced hace maravillas para inhibir la reaparici\u00f3n del vello corporal. Las ligeras pulsaciones de luz, aplicadas de forma regular, mantendr\u00e1n la piel suave como la seda todos los d\u00edas.<\/p>\n","protected":false},"featured_media":11768,"comment_status":"closed","ping_status":"closed","template":"","meta":[],"product_cat":[67],"product_tag":[],"class_list":{"0":"post-11944","1":"product","2":"type-product","3":"status-publish","4":"has-post-thumbnail","6":"product_cat-beauty","8":"first","9":"instock","10":"sale","11":"sold-individually","12":"shipping-taxable","13":"purchasable","14":"product-type-simple"},"_links":{"self":[{"href":"https:\/\/partnersales.cl\/philips\/index.php?rest_route=\/wp\/v2\/product\/11944","targetHints":{"allow":["GET"]}}],"collection":[{"href":"https:\/\/partnersales.cl\/philips\/index.php?rest_route=\/wp\/v2\/product"}],"about":[{"href":"https:\/\/partnersales.cl\/philips\/index.php?rest_route=\/wp\/v2\/types\/product"}],"replies":[{"embeddable":true,"href":"https:\/\/partnersales.cl\/philips\/index.php?rest_route=%2Fwp%2Fv2%2Fcomments&post=11944"}],"version-history":[{"count":1,"href":"https:\/\/partnersales.cl\/philips\/index.php?rest_route=\/wp\/v2\/product\/11944\/revisions"}],"predecessor-version":[{"id":11974,"href":"https:\/\/partnersales.cl\/philips\/index.php?rest_route=\/wp\/v2\/product\/11944\/revisions\/11974"}],"wp:featuredmedia":[{"embeddable":true,"href":"https:\/\/partnersales.cl\/philips\/index.php?rest_route=\/wp\/v2\/media\/11768"}],"wp:attachment":[{"href":"https:\/\/partnersales.cl\/philips\/index.php?rest_route=%2Fwp%2Fv2%2Fmedia&parent=11944"}],"wp:term":[{"taxonomy":"product_cat","embeddable":true,"href":"https:\/\/partnersales.cl\/philips\/index.php?rest_route=%2Fwp%2Fv2%2Fproduct_cat&post=11944"},{"taxonomy":"product_tag","embeddable":true,"href":"https:\/\/partnersales.cl\/philips\/index.php?rest_route=%2Fwp%2Fv2%2Fproduct_tag&post=11944"}],"curies":[{"name":"wp","href":"https:\/\/api.w.org\/{rel}","templated":true}]}}