{"id":11938,"date":"2021-11-05T04:26:52","date_gmt":"2021-11-05T04:26:52","guid":{"rendered":"https:\/\/partnersales.cl\/philips\/?post_type=product&#038;p=11938"},"modified":"2021-11-05T04:27:00","modified_gmt":"2021-11-05T04:27:00","slug":"depiladora-satinelle-4","status":"publish","type":"product","link":"https:\/\/partnersales.cl\/philips\/?product=depiladora-satinelle-4","title":{"rendered":"Depiladora Satinelle."},"content":{"rendered":"<p>Eficaz sistema de depilaci\u00f3n que deja la piel suave y sin vello durante semanas. La luz exclusiva incorporada permite que se excluyan menos vellos, a fin de brindar una depilaci\u00f3n m\u00e1s efectiva. 2 posiciones de velocidad para eliminar el vello m\u00e1s fino y el m\u00e1s grueso, y disfrutar de un tratamiento de depilaci\u00f3n m\u00e1s personalizado.<\/p>\n","protected":false},"excerpt":{"rendered":"<p>Disfruta de piernas suaves durante semanas con Philips Satinelle. Elimina de ra\u00edz el vello de incluso 0.5\u00a0mm con suavidad. La depilaci\u00f3n es m\u00e1s sencilla gracias al mango ergon\u00f3mico y el cabezal lavable para una higiene \u00f3ptima<\/p>\n","protected":false},"featured_media":11916,"comment_status":"closed","ping_status":"closed","template":"","meta":[],"product_cat":[67],"product_tag":[],"class_list":{"0":"post-11938","1":"product","2":"type-product","3":"status-publish","4":"has-post-thumbnail","6":"product_cat-beauty","8":"first","9":"instock","10":"sale","11":"sold-individually","12":"shipping-taxable","13":"purchasable","14":"product-type-simple"},"_links":{"self":[{"href":"https:\/\/partnersales.cl\/philips\/index.php?rest_route=\/wp\/v2\/product\/11938","targetHints":{"allow":["GET"]}}],"collection":[{"href":"https:\/\/partnersales.cl\/philips\/index.php?rest_route=\/wp\/v2\/product"}],"about":[{"href":"https:\/\/partnersales.cl\/philips\/index.php?rest_route=\/wp\/v2\/types\/product"}],"replies":[{"embeddable":true,"href":"https:\/\/partnersales.cl\/philips\/index.php?rest_route=%2Fwp%2Fv2%2Fcomments&post=11938"}],"version-history":[{"count":1,"href":"https:\/\/partnersales.cl\/philips\/index.php?rest_route=\/wp\/v2\/product\/11938\/revisions"}],"predecessor-version":[{"id":11968,"href":"https:\/\/partnersales.cl\/philips\/index.php?rest_route=\/wp\/v2\/product\/11938\/revisions\/11968"}],"wp:featuredmedia":[{"embeddable":true,"href":"https:\/\/partnersales.cl\/philips\/index.php?rest_route=\/wp\/v2\/media\/11916"}],"wp:attachment":[{"href":"https:\/\/partnersales.cl\/philips\/index.php?rest_route=%2Fwp%2Fv2%2Fmedia&parent=11938"}],"wp:term":[{"taxonomy":"product_cat","embeddable":true,"href":"https:\/\/partnersales.cl\/philips\/index.php?rest_route=%2Fwp%2Fv2%2Fproduct_cat&post=11938"},{"taxonomy":"product_tag","embeddable":true,"href":"https:\/\/partnersales.cl\/philips\/index.php?rest_route=%2Fwp%2Fv2%2Fproduct_tag&post=11938"}],"curies":[{"name":"wp","href":"https:\/\/api.w.org\/{rel}","templated":true}]}}