{"id":11934,"date":"2021-11-05T04:26:52","date_gmt":"2021-11-05T04:26:52","guid":{"rendered":"https:\/\/partnersales.cl\/philips\/?post_type=product&#038;p=11934"},"modified":"2021-11-05T04:26:58","modified_gmt":"2021-11-05T04:26:58","slug":"secador-serie-3000","status":"publish","type":"product","link":"https:\/\/partnersales.cl\/philips\/?product=secador-serie-3000","title":{"rendered":"Secador Serie 3000."},"content":{"rendered":"<p>Esta secadora de cabello de 1600\u00a0W crea un nivel de flujo de aire \u00f3ptimo para que disfrutes de resultados perfectos, todos los d\u00edas. El accesorio ThermoProtect con dise\u00f1o \u00fanico mezcla de manera potente el aire tibio y fr\u00edo para el cuidado diario. Baja la temperatura en 10 \u00b0C mientras seca tu pelo r\u00e1pidamente. Este secador de cabello ofrece 3 combinaciones de velocidad\/calor preseleccionadas, lo que hace que lograr el peinado perfecto sea r\u00e1pido y f\u00e1cil.<\/p>\n","protected":false},"excerpt":{"rendered":"<p>El accesorio ThermoProtect con dise\u00f1o \u00fanico mezcla el aire tibio y fr\u00edo de forma potente para el cuidado diario.<\/p>\n","protected":false},"featured_media":11899,"comment_status":"closed","ping_status":"closed","template":"","meta":[],"product_cat":[67],"product_tag":[],"class_list":{"0":"post-11934","1":"product","2":"type-product","3":"status-publish","4":"has-post-thumbnail","6":"product_cat-beauty","8":"first","9":"instock","10":"sale","11":"sold-individually","12":"shipping-taxable","13":"purchasable","14":"product-type-simple"},"_links":{"self":[{"href":"https:\/\/partnersales.cl\/philips\/index.php?rest_route=\/wp\/v2\/product\/11934","targetHints":{"allow":["GET"]}}],"collection":[{"href":"https:\/\/partnersales.cl\/philips\/index.php?rest_route=\/wp\/v2\/product"}],"about":[{"href":"https:\/\/partnersales.cl\/philips\/index.php?rest_route=\/wp\/v2\/types\/product"}],"replies":[{"embeddable":true,"href":"https:\/\/partnersales.cl\/philips\/index.php?rest_route=%2Fwp%2Fv2%2Fcomments&post=11934"}],"version-history":[{"count":1,"href":"https:\/\/partnersales.cl\/philips\/index.php?rest_route=\/wp\/v2\/product\/11934\/revisions"}],"predecessor-version":[{"id":11964,"href":"https:\/\/partnersales.cl\/philips\/index.php?rest_route=\/wp\/v2\/product\/11934\/revisions\/11964"}],"wp:featuredmedia":[{"embeddable":true,"href":"https:\/\/partnersales.cl\/philips\/index.php?rest_route=\/wp\/v2\/media\/11899"}],"wp:attachment":[{"href":"https:\/\/partnersales.cl\/philips\/index.php?rest_route=%2Fwp%2Fv2%2Fmedia&parent=11934"}],"wp:term":[{"taxonomy":"product_cat","embeddable":true,"href":"https:\/\/partnersales.cl\/philips\/index.php?rest_route=%2Fwp%2Fv2%2Fproduct_cat&post=11934"},{"taxonomy":"product_tag","embeddable":true,"href":"https:\/\/partnersales.cl\/philips\/index.php?rest_route=%2Fwp%2Fv2%2Fproduct_tag&post=11934"}],"curies":[{"name":"wp","href":"https:\/\/api.w.org\/{rel}","templated":true}]}}