{"id":11932,"date":"2021-11-05T04:26:51","date_gmt":"2021-11-05T04:26:51","guid":{"rendered":"https:\/\/partnersales.cl\/philips\/?post_type=product&#038;p=11932"},"modified":"2021-11-05T04:26:57","modified_gmt":"2021-11-05T04:26:57","slug":"secador-de-pelo-drycare-essential-1600w","status":"publish","type":"product","link":"https:\/\/partnersales.cl\/philips\/?product=secador-de-pelo-drycare-essential-1600w","title":{"rendered":"Secador de Pelo DryCare Essential 1600W."},"content":{"rendered":"<p>Esta secadora de cabello de 1600\u00a0W crea un nivel de flujo de aire \u00f3ptimo para que disfrutes de resultados perfectos, todos los d\u00edas. El ajuste de temperatura ThermoProtect proporciona la temperatura de secado \u00f3ptima y ofrece mayor protecci\u00f3n frente al sobrecalentamiento del cabello. Disfruta del mismo flujo potente de aire y consigue unos resultados \u00f3ptimos, sin descuidar la salud de tu cabello. El dise\u00f1o compacto con mango plegable facilita el almacenamiento y transporte de la secadora de cabello para que la lleves dondequiera que vayas.<\/p>\n","protected":false},"excerpt":{"rendered":"<p>El secador de cabello Philips\u00a0Essential te ofrece un secado potente de 1600\u00a0W y, al mismo tiempo, cuida tu cabello con el ajuste de temperatura ThermoProtect. Su dise\u00f1o compacto con mango plegable es la elecci\u00f3n perfecta dondequiera que vayas.<\/p>\n","protected":false},"featured_media":11891,"comment_status":"closed","ping_status":"closed","template":"","meta":[],"product_cat":[67],"product_tag":[],"class_list":{"0":"post-11932","1":"product","2":"type-product","3":"status-publish","4":"has-post-thumbnail","6":"product_cat-beauty","8":"first","9":"instock","10":"sale","11":"sold-individually","12":"shipping-taxable","13":"purchasable","14":"product-type-simple"},"_links":{"self":[{"href":"https:\/\/partnersales.cl\/philips\/index.php?rest_route=\/wp\/v2\/product\/11932","targetHints":{"allow":["GET"]}}],"collection":[{"href":"https:\/\/partnersales.cl\/philips\/index.php?rest_route=\/wp\/v2\/product"}],"about":[{"href":"https:\/\/partnersales.cl\/philips\/index.php?rest_route=\/wp\/v2\/types\/product"}],"replies":[{"embeddable":true,"href":"https:\/\/partnersales.cl\/philips\/index.php?rest_route=%2Fwp%2Fv2%2Fcomments&post=11932"}],"version-history":[{"count":1,"href":"https:\/\/partnersales.cl\/philips\/index.php?rest_route=\/wp\/v2\/product\/11932\/revisions"}],"predecessor-version":[{"id":11962,"href":"https:\/\/partnersales.cl\/philips\/index.php?rest_route=\/wp\/v2\/product\/11932\/revisions\/11962"}],"wp:featuredmedia":[{"embeddable":true,"href":"https:\/\/partnersales.cl\/philips\/index.php?rest_route=\/wp\/v2\/media\/11891"}],"wp:attachment":[{"href":"https:\/\/partnersales.cl\/philips\/index.php?rest_route=%2Fwp%2Fv2%2Fmedia&parent=11932"}],"wp:term":[{"taxonomy":"product_cat","embeddable":true,"href":"https:\/\/partnersales.cl\/philips\/index.php?rest_route=%2Fwp%2Fv2%2Fproduct_cat&post=11932"},{"taxonomy":"product_tag","embeddable":true,"href":"https:\/\/partnersales.cl\/philips\/index.php?rest_route=%2Fwp%2Fv2%2Fproduct_tag&post=11932"}],"curies":[{"name":"wp","href":"https:\/\/api.w.org\/{rel}","templated":true}]}}