{"id":11930,"date":"2021-11-05T04:26:51","date_gmt":"2021-11-05T04:26:51","guid":{"rendered":"https:\/\/partnersales.cl\/philips\/?post_type=product&#038;p=11930"},"modified":"2021-11-05T04:26:57","modified_gmt":"2021-11-05T04:26:57","slug":"secador-de-pelo-philips-essential-care-1200w","status":"publish","type":"product","link":"https:\/\/partnersales.cl\/philips\/?product=secador-de-pelo-philips-essential-care-1200w","title":{"rendered":"Secador de Pelo Philips Essential Care 1200W"},"content":{"rendered":"<p>Este secador dispone de un pr\u00e1ctico mango que se pliega para reducir el tama\u00f1o y te permite transportarlo vayas donde vayas hasta en los espacios m\u00e1s peque\u00f1os. Este secador de 1.200 W crea un flujo de aire \u00f3ptimo y una suave potencia de secado para que disfrutes de resultados perfectos, todos los d\u00edas. Este secador de cabello compacto te ofrece tres posiciones de calor y velocidad preseleccionadas, para un secado r\u00e1pido, en fr\u00edo y de mayor cuidado.<\/p>\n","protected":false},"excerpt":{"rendered":"<p>Este secador dispone de un pr\u00e1ctico mango que se pliega para reducir el tama\u00f1o y te permite transportarlo vayas donde vayas hasta en los espacios m\u00e1s peque\u00f1os<\/p>\n","protected":false},"featured_media":11882,"comment_status":"closed","ping_status":"closed","template":"","meta":[],"product_cat":[67],"product_tag":[],"class_list":{"0":"post-11930","1":"product","2":"type-product","3":"status-publish","4":"has-post-thumbnail","6":"product_cat-beauty","8":"first","9":"instock","10":"sale","11":"sold-individually","12":"shipping-taxable","13":"purchasable","14":"product-type-simple"},"_links":{"self":[{"href":"https:\/\/partnersales.cl\/philips\/index.php?rest_route=\/wp\/v2\/product\/11930","targetHints":{"allow":["GET"]}}],"collection":[{"href":"https:\/\/partnersales.cl\/philips\/index.php?rest_route=\/wp\/v2\/product"}],"about":[{"href":"https:\/\/partnersales.cl\/philips\/index.php?rest_route=\/wp\/v2\/types\/product"}],"replies":[{"embeddable":true,"href":"https:\/\/partnersales.cl\/philips\/index.php?rest_route=%2Fwp%2Fv2%2Fcomments&post=11930"}],"version-history":[{"count":1,"href":"https:\/\/partnersales.cl\/philips\/index.php?rest_route=\/wp\/v2\/product\/11930\/revisions"}],"predecessor-version":[{"id":11960,"href":"https:\/\/partnersales.cl\/philips\/index.php?rest_route=\/wp\/v2\/product\/11930\/revisions\/11960"}],"wp:featuredmedia":[{"embeddable":true,"href":"https:\/\/partnersales.cl\/philips\/index.php?rest_route=\/wp\/v2\/media\/11882"}],"wp:attachment":[{"href":"https:\/\/partnersales.cl\/philips\/index.php?rest_route=%2Fwp%2Fv2%2Fmedia&parent=11930"}],"wp:term":[{"taxonomy":"product_cat","embeddable":true,"href":"https:\/\/partnersales.cl\/philips\/index.php?rest_route=%2Fwp%2Fv2%2Fproduct_cat&post=11930"},{"taxonomy":"product_tag","embeddable":true,"href":"https:\/\/partnersales.cl\/philips\/index.php?rest_route=%2Fwp%2Fv2%2Fproduct_tag&post=11930"}],"curies":[{"name":"wp","href":"https:\/\/api.w.org\/{rel}","templated":true}]}}